{"id":6,"date":"2024-06-30T19:15:59","date_gmt":"2024-06-30T19:15:59","guid":{"rendered":"https:\/\/test.bio-boutique.eu\/?page_id=6"},"modified":"2024-06-30T20:28:55","modified_gmt":"2024-06-30T20:28:55","slug":"kreiramo-novu-stranicu","status":"publish","type":"page","link":"https:\/\/test.bio-boutique.eu\/","title":{"rendered":"Kreiramo novu stranicu"},"content":{"rendered":"\n<h2 class=\"wp-block-heading\">Nova stranica<\/h2>\n\n\n\n<p>Za instaliranje WordPressa prvo smo trebali imati postoje\u0107i hosting. U tom hostingu, smje\u0161tena je postoje\u0107a domena. U postoje\u0107oj domeni kreirali smo poddomenu.<\/p>\n\n\n\n<p>Na poddomenu instalirali smo WordPress. U WordPressu smo se logirali i promijenili temu. Radi kompatibilnosti zadatka, odabrali smo Twenty Twenty Three temu. <\/p>\n\n\n\n<p>Kreiramo stranicu!<\/p>\n","protected":false},"excerpt":{"rendered":"<p>Nova stranica Za instaliranje WordPressa prvo smo trebali imati postoje\u0107i hosting. U tom hostingu, smje\u0161tena je postoje\u0107a domena. U postoje\u0107oj domeni kreirali smo poddomenu. Na poddomenu instalirali smo WordPress. U WordPressu smo se logirali i promijenili temu. Radi kompatibilnosti zadatka, odabrali smo Twenty Twenty Three temu. Kreiramo stranicu!<\/p>\n","protected":false},"author":1,"featured_media":0,"parent":0,"menu_order":0,"comment_status":"closed","ping_status":"closed","template":"","meta":{"footnotes":""},"yoast_head":"<!-- This site is optimized with the Yoast SEO plugin v22.9 - https:\/\/yoast.com\/wordpress\/plugins\/seo\/ -->\n<title>Vje\u017eba WordPress<\/title>\n<meta name=\"description\" content=\"Instalacija WordPressa na hostingu.\" \/>\n<meta name=\"robots\" content=\"index, follow, max-snippet:-1, max-image-preview:large, max-video-preview:-1\" \/>\n<link rel=\"canonical\" href=\"https:\/\/test.bio-boutique.eu\/\" \/>\n<meta property=\"og:locale\" content=\"en_US\" \/>\n<meta property=\"og:type\" content=\"article\" \/>\n<meta property=\"og:title\" content=\"Vje\u017eba WordPress\" \/>\n<meta property=\"og:description\" content=\"Instalacija WordPressa na hostingu.\" \/>\n<meta property=\"og:url\" content=\"https:\/\/test.bio-boutique.eu\/\" \/>\n<meta property=\"og:site_name\" content=\"Vje\u017ebaWP\" \/>\n<meta property=\"article:modified_time\" content=\"2024-06-30T20:28:55+00:00\" \/>\n<meta name=\"twitter:card\" content=\"summary_large_image\" \/>\n<meta name=\"twitter:label1\" content=\"Est. reading time\" \/>\n\t<meta name=\"twitter:data1\" content=\"1 minute\" \/>\n<script type=\"application\/ld+json\" class=\"yoast-schema-graph\">{\"@context\":\"https:\/\/schema.org\",\"@graph\":[{\"@type\":\"WebPage\",\"@id\":\"https:\/\/test.bio-boutique.eu\/\",\"url\":\"https:\/\/test.bio-boutique.eu\/\",\"name\":\"Vje\u017eba WordPress\",\"isPartOf\":{\"@id\":\"https:\/\/test.bio-boutique.eu\/#website\"},\"datePublished\":\"2024-06-30T19:15:59+00:00\",\"dateModified\":\"2024-06-30T20:28:55+00:00\",\"description\":\"Instalacija WordPressa na hostingu.\",\"breadcrumb\":{\"@id\":\"https:\/\/test.bio-boutique.eu\/#breadcrumb\"},\"inLanguage\":\"en-US\",\"potentialAction\":[{\"@type\":\"ReadAction\",\"target\":[\"https:\/\/test.bio-boutique.eu\/\"]}]},{\"@type\":\"BreadcrumbList\",\"@id\":\"https:\/\/test.bio-boutique.eu\/#breadcrumb\",\"itemListElement\":[{\"@type\":\"ListItem\",\"position\":1,\"name\":\"Home\",\"item\":\"https:\/\/test.bio-boutique.eu\/\"},{\"@type\":\"ListItem\",\"position\":2,\"name\":\"Kreiramo novu stranicu\"}]},{\"@type\":\"WebSite\",\"@id\":\"https:\/\/test.bio-boutique.eu\/#website\",\"url\":\"https:\/\/test.bio-boutique.eu\/\",\"name\":\"Vje\u017ebaWP\",\"description\":\"\",\"publisher\":{\"@id\":\"https:\/\/test.bio-boutique.eu\/#\/schema\/person\/7753386fe6d3ed7b500c8f2e5700705d\"},\"potentialAction\":[{\"@type\":\"SearchAction\",\"target\":{\"@type\":\"EntryPoint\",\"urlTemplate\":\"https:\/\/test.bio-boutique.eu\/?s={search_term_string}\"},\"query-input\":\"required name=search_term_string\"}],\"inLanguage\":\"en-US\"},{\"@type\":[\"Person\",\"Organization\"],\"@id\":\"https:\/\/test.bio-boutique.eu\/#\/schema\/person\/7753386fe6d3ed7b500c8f2e5700705d\",\"name\":\"admin\",\"image\":{\"@type\":\"ImageObject\",\"inLanguage\":\"en-US\",\"@id\":\"https:\/\/test.bio-boutique.eu\/#\/schema\/person\/image\/\",\"url\":\"https:\/\/secure.gravatar.com\/avatar\/a83cf45270679cfb956f7aa993ff81ff?s=96&d=mm&r=g\",\"contentUrl\":\"https:\/\/secure.gravatar.com\/avatar\/a83cf45270679cfb956f7aa993ff81ff?s=96&d=mm&r=g\",\"caption\":\"admin\"},\"logo\":{\"@id\":\"https:\/\/test.bio-boutique.eu\/#\/schema\/person\/image\/\"},\"sameAs\":[\"https:\/\/test.bio-boutique.eu\"]}]}<\/script>\n<!-- \/ Yoast SEO plugin. -->","yoast_head_json":{"title":"Vje\u017eba WordPress","description":"Instalacija WordPressa na hostingu.","robots":{"index":"index","follow":"follow","max-snippet":"max-snippet:-1","max-image-preview":"max-image-preview:large","max-video-preview":"max-video-preview:-1"},"canonical":"https:\/\/test.bio-boutique.eu\/","og_locale":"en_US","og_type":"article","og_title":"Vje\u017eba WordPress","og_description":"Instalacija WordPressa na hostingu.","og_url":"https:\/\/test.bio-boutique.eu\/","og_site_name":"Vje\u017ebaWP","article_modified_time":"2024-06-30T20:28:55+00:00","twitter_card":"summary_large_image","twitter_misc":{"Est. reading time":"1 minute"},"schema":{"@context":"https:\/\/schema.org","@graph":[{"@type":"WebPage","@id":"https:\/\/test.bio-boutique.eu\/","url":"https:\/\/test.bio-boutique.eu\/","name":"Vje\u017eba WordPress","isPartOf":{"@id":"https:\/\/test.bio-boutique.eu\/#website"},"datePublished":"2024-06-30T19:15:59+00:00","dateModified":"2024-06-30T20:28:55+00:00","description":"Instalacija WordPressa na hostingu.","breadcrumb":{"@id":"https:\/\/test.bio-boutique.eu\/#breadcrumb"},"inLanguage":"en-US","potentialAction":[{"@type":"ReadAction","target":["https:\/\/test.bio-boutique.eu\/"]}]},{"@type":"BreadcrumbList","@id":"https:\/\/test.bio-boutique.eu\/#breadcrumb","itemListElement":[{"@type":"ListItem","position":1,"name":"Home","item":"https:\/\/test.bio-boutique.eu\/"},{"@type":"ListItem","position":2,"name":"Kreiramo novu stranicu"}]},{"@type":"WebSite","@id":"https:\/\/test.bio-boutique.eu\/#website","url":"https:\/\/test.bio-boutique.eu\/","name":"Vje\u017ebaWP","description":"","publisher":{"@id":"https:\/\/test.bio-boutique.eu\/#\/schema\/person\/7753386fe6d3ed7b500c8f2e5700705d"},"potentialAction":[{"@type":"SearchAction","target":{"@type":"EntryPoint","urlTemplate":"https:\/\/test.bio-boutique.eu\/?s={search_term_string}"},"query-input":"required name=search_term_string"}],"inLanguage":"en-US"},{"@type":["Person","Organization"],"@id":"https:\/\/test.bio-boutique.eu\/#\/schema\/person\/7753386fe6d3ed7b500c8f2e5700705d","name":"admin","image":{"@type":"ImageObject","inLanguage":"en-US","@id":"https:\/\/test.bio-boutique.eu\/#\/schema\/person\/image\/","url":"https:\/\/secure.gravatar.com\/avatar\/a83cf45270679cfb956f7aa993ff81ff?s=96&d=mm&r=g","contentUrl":"https:\/\/secure.gravatar.com\/avatar\/a83cf45270679cfb956f7aa993ff81ff?s=96&d=mm&r=g","caption":"admin"},"logo":{"@id":"https:\/\/test.bio-boutique.eu\/#\/schema\/person\/image\/"},"sameAs":["https:\/\/test.bio-boutique.eu"]}]}},"_links":{"self":[{"href":"https:\/\/test.bio-boutique.eu\/index.php\/wp-json\/wp\/v2\/pages\/6"}],"collection":[{"href":"https:\/\/test.bio-boutique.eu\/index.php\/wp-json\/wp\/v2\/pages"}],"about":[{"href":"https:\/\/test.bio-boutique.eu\/index.php\/wp-json\/wp\/v2\/types\/page"}],"author":[{"embeddable":true,"href":"https:\/\/test.bio-boutique.eu\/index.php\/wp-json\/wp\/v2\/users\/1"}],"replies":[{"embeddable":true,"href":"https:\/\/test.bio-boutique.eu\/index.php\/wp-json\/wp\/v2\/comments?post=6"}],"version-history":[{"count":1,"href":"https:\/\/test.bio-boutique.eu\/index.php\/wp-json\/wp\/v2\/pages\/6\/revisions"}],"predecessor-version":[{"id":8,"href":"https:\/\/test.bio-boutique.eu\/index.php\/wp-json\/wp\/v2\/pages\/6\/revisions\/8"}],"wp:attachment":[{"href":"https:\/\/test.bio-boutique.eu\/index.php\/wp-json\/wp\/v2\/media?parent=6"}],"curies":[{"name":"wp","href":"https:\/\/api.w.org\/{rel}","templated":true}]}}